{"id":17,"date":"2023-02-08T15:52:06","date_gmt":"2023-02-08T15:52:06","guid":{"rendered":"https:\/\/goodsale.com.br\/?page_id=17"},"modified":"2024-03-14T14:46:19","modified_gmt":"2024-03-14T14:46:19","slug":"17-2","status":"publish","type":"page","link":"https:\/\/goodsale.com.br\/","title":{"rendered":"Landing"},"content":{"rendered":"\n<h1>\n\t\tA sua necessidade \u00e9 \u00fanica.<br \/>A solu\u00e7\u00e3o para ela tamb\u00e9m \u00e9.\n\t<\/h1>\n\t<p>Solu\u00e7\u00f5es gen\u00e9ricas n\u00e3o atendem a sua necessidade e geram tarefas adicionais que atrapalham o seu neg\u00f3cio.<\/p>\n\t\t\t<a href=\"#solutions\" target=\"_self\" role=\"button\" rel=\"noopener\">\n\t\t\t\t\t\t\tSaiba mais\n\t\t\t\t\t<\/a>\n<h2>\n\t\tSolu\u00e7\u00f5es\n\t<\/h2>\n\t<p>Somos comprometidos com a entrega das solu\u00e7\u00f5es que realmente atendam \u00e0 sua necessidade e que n\u00e3o desviam a sua aten\u00e7\u00e3o do que \u00e9 o core do seu neg\u00f3cio. Confira os principais servi\u00e7os que oferecemos:<\/p>\n\t<p><u><strong>Meios de Pagamento<\/strong><\/u><\/p>\n\t\t\t\t<img decoding=\"async\" src=\"http:\/\/goodsale.com.br\/wp-content\/uploads\/2023\/02\/pay2.webp\" alt=\"pay2\" itemprop=\"image\" title=\"pay2\" onerror=\"this.style.display='none'\"  \/>\n\t<p>Disponibilize aos seus clientes formas de pagamento e receba o dinheiro em poucos segundos. Disponibilizamos tamb\u00e9m o split autom\u00e1tico de pagamentos.<\/p>\n\t<p><u><strong>Atendimento via Bots de WhatsApp<\/strong><\/u><\/p>\n\t\t\t\t<img decoding=\"async\" src=\"http:\/\/goodsale.com.br\/wp-content\/uploads\/2023\/02\/whatsAppBot.png\" alt=\"whatsAppBot\" itemprop=\"image\" title=\"whatsAppBot\" onerror=\"this.style.display='none'\"  \/>\n\t<p>Realize o atendimento automatizado de clientes via WhatsApp, aumentando sua efici\u00eancia e reduzindo custos.<\/p>\n\t<p><u><strong>Automa\u00e7\u00e3o de Processos<\/strong><\/u><\/p>\n\t\t\t\t<img decoding=\"async\" src=\"http:\/\/goodsale.com.br\/wp-content\/uploads\/2023\/02\/revenue.jpg\" alt=\"revenue\" itemprop=\"image\" title=\"revenue\" onerror=\"this.style.display='none'\"  \/>\n\t<p>Automatize seus processos, reduza custos e foque seus esfor\u00e7os na gera\u00e7\u00e3o de novos neg\u00f3cios para a sua empresa.<\/p>\n<h2>\n\t\tQuem somos\n\t<\/h2>\n\t<p>Somos uma consultoria composta por profissionais com mais de 27 anos de experi\u00eancia no desenvolvimento de solu\u00e7\u00f5es de automa\u00e7\u00e3o de processos, meios de pagamento e atendimento ao cliente. Oferecemos uma experi\u00eancia \u00fanica aos nossos clientes atrav\u00e9s de atendimento customizado, treinamento, suporte e acompanhamento dos resultados.<\/p>\n<p>Agregamos valor aos nossos clientes executando servi\u00e7os de forma \u00e1gil e assertiva, entregando a solu\u00e7\u00e3o ideal para cada necessidade.<\/p>\n<p>Acreditamos na parceria de longo prazo, de rela\u00e7\u00f5es s\u00f3lidas, baseadas em confian\u00e7a e resultado. Nossos clientes s\u00e3o nossos parceiros e focamos nossos esfor\u00e7os para prover plena satisfa\u00e7\u00e3o, pois entendemos que cada necessidade \u00e9 um projeto \u00fanico, sendo planejado e executado sob medida.<\/p>\n<h2>\n\t\tPrecisa de ajuda? Entre em contato que vamos atender a sua necessidade!\n\t<\/h2>\n\t<p>Envie uma mensagem que retornaremos brevemente.<\/p>\n<p>&nbsp;<\/p>\n<p>William Sato<\/p>\n<p><a href=\"mailto:william.sato@goodsale.com.br\">william.sato@goodsale.com.br<\/a><\/p>\n<p>(11) 9-3209-5819<\/p>\n<p>&nbsp;<\/p>\n<p>CNPJ: 28.255.723\/0001-50<\/p>\n\n","protected":false},"excerpt":{"rendered":"<p>A sua necessidade \u00e9 \u00fanica.A solu\u00e7\u00e3o para ela tamb\u00e9m \u00e9. Solu\u00e7\u00f5es gen\u00e9ricas n\u00e3o atendem a [&hellip;]<\/p>\n","protected":false},"author":1,"featured_media":0,"parent":0,"menu_order":0,"comment_status":"closed","ping_status":"closed","template":"","meta":{"footnotes":""},"class_list":["post-17","page","type-page","status-publish","hentry"],"aioseo_notices":[],"_links":{"self":[{"href":"https:\/\/goodsale.com.br\/index.php?rest_route=\/wp\/v2\/pages\/17","targetHints":{"allow":["GET"]}}],"collection":[{"href":"https:\/\/goodsale.com.br\/index.php?rest_route=\/wp\/v2\/pages"}],"about":[{"href":"https:\/\/goodsale.com.br\/index.php?rest_route=\/wp\/v2\/types\/page"}],"author":[{"embeddable":true,"href":"https:\/\/goodsale.com.br\/index.php?rest_route=\/wp\/v2\/users\/1"}],"replies":[{"embeddable":true,"href":"https:\/\/goodsale.com.br\/index.php?rest_route=%2Fwp%2Fv2%2Fcomments&post=17"}],"version-history":[{"count":42,"href":"https:\/\/goodsale.com.br\/index.php?rest_route=\/wp\/v2\/pages\/17\/revisions"}],"predecessor-version":[{"id":73,"href":"https:\/\/goodsale.com.br\/index.php?rest_route=\/wp\/v2\/pages\/17\/revisions\/73"}],"wp:attachment":[{"href":"https:\/\/goodsale.com.br\/index.php?rest_route=%2Fwp%2Fv2%2Fmedia&parent=17"}],"curies":[{"name":"wp","href":"https:\/\/api.w.org\/{rel}","templated":true}]}}